{"id":154,"date":"2021-06-22T19:17:24","date_gmt":"2021-06-22T22:17:24","guid":{"rendered":"https:\/\/fariart.com.br\/blog\/?page_id=154"},"modified":"2022-06-21T18:05:52","modified_gmt":"2022-06-21T21:05:52","slug":"categorias","status":"publish","type":"page","link":"https:\/\/fariart.com.br\/blog\/categorias\/","title":{"rendered":"Categorias"},"content":{"rendered":"\n<p>Escolha abaixo uma <strong>tag<\/strong> ou <strong>categoria<\/strong> do seu interesse. Voc\u00ea tamb\u00e9m pode digitar na busca o que voc\u00ea est\u00e1 procurando.<\/p>\n\n\n<div class=\"monsterinsights-inline-popular-posts monsterinsights-inline-popular-posts-alpha monsterinsights-popular-posts-styled\" ><div class=\"monsterinsights-inline-popular-posts-text\"><span class=\"monsterinsights-inline-popular-posts-label\" >Trending<\/span><div class=\"monsterinsights-inline-popular-posts-post\"><a class=\"monsterinsights-inline-popular-posts-title\"  href=\"https:\/\/fariart.com.br\/blog\/logotipo-e-importante-no-comeco\/\">Logotipo \u00e9 importante no come\u00e7o?<\/a><\/div><\/div><\/div><p><\/p>\n\n\n<div class=\"wp-block-group\"><div class=\"wp-block-group__inner-container is-layout-flow wp-block-group-is-layout-flow\">\n<div class=\"wp-block-columns is-layout-flex wp-container-core-columns-is-layout-9d6595d7 wp-block-columns-is-layout-flex\">\n<div class=\"wp-block-column is-layout-flow wp-block-column-is-layout-flow\">\n<h2 class=\"wp-block-heading\">Tags<\/h2>\n\n\n<p class=\"wp-block-tag-cloud\"><a href=\"https:\/\/fariart.com.br\/blog\/tag\/android\/\" class=\"tag-cloud-link tag-link-35 tag-link-position-1\" style=\"font-size: 10.709677419355pt;\" aria-label=\"android (2 itens)\">android<\/a>\n<a href=\"https:\/\/fariart.com.br\/blog\/tag\/animacao\/\" class=\"tag-cloud-link tag-link-164 tag-link-position-2\" style=\"font-size: 10.709677419355pt;\" aria-label=\"anima\u00e7\u00e3o (2 itens)\">anima\u00e7\u00e3o<\/a>\n<a href=\"https:\/\/fariart.com.br\/blog\/tag\/arte\/\" class=\"tag-cloud-link tag-link-62 tag-link-position-3\" style=\"font-size: 10.709677419355pt;\" aria-label=\"arte (2 itens)\">arte<\/a>\n<a href=\"https:\/\/fariart.com.br\/blog\/tag\/audio\/\" class=\"tag-cloud-link tag-link-40 tag-link-position-4\" style=\"font-size: 8pt;\" aria-label=\"audio (1 item)\">audio<\/a>\n<a href=\"https:\/\/fariart.com.br\/blog\/tag\/basico\/\" class=\"tag-cloud-link tag-link-83 tag-link-position-5\" style=\"font-size: 10.709677419355pt;\" aria-label=\"b\u00e1sico (2 itens)\">b\u00e1sico<\/a>\n<a href=\"https:\/\/fariart.com.br\/blog\/tag\/carreira\/\" class=\"tag-cloud-link tag-link-169 tag-link-position-6\" style=\"font-size: 10.709677419355pt;\" aria-label=\"carreira (2 itens)\">carreira<\/a>\n<a href=\"https:\/\/fariart.com.br\/blog\/tag\/celular\/\" class=\"tag-cloud-link tag-link-29 tag-link-position-7\" style=\"font-size: 12.516129032258pt;\" aria-label=\"celular (3 itens)\">celular<\/a>\n<a href=\"https:\/\/fariart.com.br\/blog\/tag\/chiando\/\" class=\"tag-cloud-link tag-link-43 tag-link-position-8\" style=\"font-size: 8pt;\" aria-label=\"chiando (1 item)\">chiando<\/a>\n<a href=\"https:\/\/fariart.com.br\/blog\/tag\/corel-draw\/\" class=\"tag-cloud-link tag-link-58 tag-link-position-9\" style=\"font-size: 8pt;\" aria-label=\"corel draw (1 item)\">corel draw<\/a>\n<a href=\"https:\/\/fariart.com.br\/blog\/tag\/criacao\/\" class=\"tag-cloud-link tag-link-69 tag-link-position-10\" style=\"font-size: 10.709677419355pt;\" aria-label=\"cria\u00e7\u00e3o (2 itens)\">cria\u00e7\u00e3o<\/a>\n<a href=\"https:\/\/fariart.com.br\/blog\/tag\/css\/\" class=\"tag-cloud-link tag-link-15 tag-link-position-11\" style=\"font-size: 16.279569892473pt;\" aria-label=\"css (6 itens)\">css<\/a>\n<a href=\"https:\/\/fariart.com.br\/blog\/tag\/design\/\" class=\"tag-cloud-link tag-link-68 tag-link-position-12\" style=\"font-size: 18.537634408602pt;\" aria-label=\"design (9 itens)\">design<\/a>\n<a href=\"https:\/\/fariart.com.br\/blog\/tag\/dicas\/\" class=\"tag-cloud-link tag-link-61 tag-link-position-13\" style=\"font-size: 16.279569892473pt;\" aria-label=\"dicas (6 itens)\">dicas<\/a>\n<a href=\"https:\/\/fariart.com.br\/blog\/tag\/dominio\/\" class=\"tag-cloud-link tag-link-12 tag-link-position-14\" style=\"font-size: 10.709677419355pt;\" aria-label=\"dom\u00ednio (2 itens)\">dom\u00ednio<\/a>\n<a href=\"https:\/\/fariart.com.br\/blog\/tag\/falante\/\" class=\"tag-cloud-link tag-link-42 tag-link-position-15\" style=\"font-size: 8pt;\" aria-label=\"falante (1 item)\">falante<\/a>\n<a href=\"https:\/\/fariart.com.br\/blog\/tag\/fibonacci\/\" class=\"tag-cloud-link tag-link-63 tag-link-position-16\" style=\"font-size: 8pt;\" aria-label=\"fibonacci (1 item)\">fibonacci<\/a>\n<a href=\"https:\/\/fariart.com.br\/blog\/tag\/hospedagem\/\" class=\"tag-cloud-link tag-link-11 tag-link-position-17\" style=\"font-size: 10.709677419355pt;\" aria-label=\"hospedagem (2 itens)\">hospedagem<\/a>\n<a href=\"https:\/\/fariart.com.br\/blog\/tag\/html\/\" class=\"tag-cloud-link tag-link-14 tag-link-position-18\" style=\"font-size: 14.021505376344pt;\" aria-label=\"html (4 itens)\">html<\/a>\n<a href=\"https:\/\/fariart.com.br\/blog\/tag\/illustrator\/\" class=\"tag-cloud-link tag-link-57 tag-link-position-19\" style=\"font-size: 8pt;\" aria-label=\"illustrator (1 item)\">illustrator<\/a>\n<a href=\"https:\/\/fariart.com.br\/blog\/tag\/ingles\/\" class=\"tag-cloud-link tag-link-187 tag-link-position-20\" style=\"font-size: 17.784946236559pt;\" aria-label=\"ingl\u00eas (8 itens)\">ingl\u00eas<\/a>\n<a href=\"https:\/\/fariart.com.br\/blog\/tag\/internet\/\" class=\"tag-cloud-link tag-link-10 tag-link-position-21\" style=\"font-size: 10.709677419355pt;\" aria-label=\"internet (2 itens)\">internet<\/a>\n<a href=\"https:\/\/fariart.com.br\/blog\/tag\/jogos\/\" class=\"tag-cloud-link tag-link-188 tag-link-position-22\" style=\"font-size: 10.709677419355pt;\" aria-label=\"jogos (2 itens)\">jogos<\/a>\n<a href=\"https:\/\/fariart.com.br\/blog\/tag\/logo\/\" class=\"tag-cloud-link tag-link-72 tag-link-position-23\" style=\"font-size: 19.139784946237pt;\" aria-label=\"logo (10 itens)\">logo<\/a>\n<a href=\"https:\/\/fariart.com.br\/blog\/tag\/logotipo\/\" class=\"tag-cloud-link tag-link-59 tag-link-position-24\" style=\"font-size: 22pt;\" aria-label=\"logotipo (16 itens)\">logotipo<\/a>\n<a href=\"https:\/\/fariart.com.br\/blog\/tag\/marca\/\" class=\"tag-cloud-link tag-link-60 tag-link-position-25\" style=\"font-size: 21.548387096774pt;\" aria-label=\"marca (15 itens)\">marca<\/a>\n<a href=\"https:\/\/fariart.com.br\/blog\/tag\/metatag\/\" class=\"tag-cloud-link tag-link-28 tag-link-position-26\" style=\"font-size: 8pt;\" aria-label=\"metatag (1 item)\">metatag<\/a>\n<a href=\"https:\/\/fariart.com.br\/blog\/tag\/mobile\/\" class=\"tag-cloud-link tag-link-30 tag-link-position-27\" style=\"font-size: 8pt;\" aria-label=\"mobile (1 item)\">mobile<\/a>\n<a href=\"https:\/\/fariart.com.br\/blog\/tag\/motog\/\" class=\"tag-cloud-link tag-link-36 tag-link-position-28\" style=\"font-size: 8pt;\" aria-label=\"motog (1 item)\">motog<\/a>\n<a href=\"https:\/\/fariart.com.br\/blog\/tag\/motog9\/\" class=\"tag-cloud-link tag-link-37 tag-link-position-29\" style=\"font-size: 8pt;\" aria-label=\"motog9 (1 item)\">motog9<\/a>\n<a href=\"https:\/\/fariart.com.br\/blog\/tag\/motorola\/\" class=\"tag-cloud-link tag-link-33 tag-link-position-30\" style=\"font-size: 8pt;\" aria-label=\"motorola (1 item)\">motorola<\/a>\n<a href=\"https:\/\/fariart.com.br\/blog\/tag\/plus\/\" class=\"tag-cloud-link tag-link-38 tag-link-position-31\" style=\"font-size: 8pt;\" aria-label=\"plus (1 item)\">plus<\/a>\n<a href=\"https:\/\/fariart.com.br\/blog\/tag\/problemas\/\" class=\"tag-cloud-link tag-link-39 tag-link-position-32\" style=\"font-size: 12.516129032258pt;\" aria-label=\"problemas (3 itens)\">problemas<\/a>\n<a href=\"https:\/\/fariart.com.br\/blog\/tag\/profissao\/\" class=\"tag-cloud-link tag-link-194 tag-link-position-33\" style=\"font-size: 10.709677419355pt;\" aria-label=\"profiss\u00e3o (2 itens)\">profiss\u00e3o<\/a>\n<a href=\"https:\/\/fariart.com.br\/blog\/tag\/redesign\/\" class=\"tag-cloud-link tag-link-96 tag-link-position-34\" style=\"font-size: 14.021505376344pt;\" aria-label=\"redesign (4 itens)\">redesign<\/a>\n<a href=\"https:\/\/fariart.com.br\/blog\/tag\/responsivo\/\" class=\"tag-cloud-link tag-link-25 tag-link-position-35\" style=\"font-size: 10.709677419355pt;\" aria-label=\"responsivo (2 itens)\">responsivo<\/a>\n<a href=\"https:\/\/fariart.com.br\/blog\/tag\/sites\/\" class=\"tag-cloud-link tag-link-13 tag-link-position-36\" style=\"font-size: 8pt;\" aria-label=\"sites (1 item)\">sites<\/a>\n<a href=\"https:\/\/fariart.com.br\/blog\/tag\/software\/\" class=\"tag-cloud-link tag-link-56 tag-link-position-37\" style=\"font-size: 8pt;\" aria-label=\"software (1 item)\">software<\/a>\n<a href=\"https:\/\/fariart.com.br\/blog\/tag\/solucoes\/\" class=\"tag-cloud-link tag-link-34 tag-link-position-38\" style=\"font-size: 8pt;\" aria-label=\"solu\u00e7\u00f5es (1 item)\">solu\u00e7\u00f5es<\/a>\n<a href=\"https:\/\/fariart.com.br\/blog\/tag\/som\/\" class=\"tag-cloud-link tag-link-41 tag-link-position-39\" style=\"font-size: 8pt;\" aria-label=\"som (1 item)\">som<\/a>\n<a href=\"https:\/\/fariart.com.br\/blog\/tag\/svg\/\" class=\"tag-cloud-link tag-link-55 tag-link-position-40\" style=\"font-size: 8pt;\" aria-label=\"svg (1 item)\">svg<\/a>\n<a href=\"https:\/\/fariart.com.br\/blog\/tag\/series\/\" class=\"tag-cloud-link tag-link-196 tag-link-position-41\" style=\"font-size: 12.516129032258pt;\" aria-label=\"s\u00e9ries (3 itens)\">s\u00e9ries<\/a>\n<a href=\"https:\/\/fariart.com.br\/blog\/tag\/tutorial\/\" class=\"tag-cloud-link tag-link-84 tag-link-position-42\" style=\"font-size: 10.709677419355pt;\" aria-label=\"tutorial (2 itens)\">tutorial<\/a>\n<a href=\"https:\/\/fariart.com.br\/blog\/tag\/vetor\/\" class=\"tag-cloud-link tag-link-54 tag-link-position-43\" style=\"font-size: 8pt;\" aria-label=\"vetor (1 item)\">vetor<\/a>\n<a href=\"https:\/\/fariart.com.br\/blog\/tag\/viewport\/\" class=\"tag-cloud-link tag-link-27 tag-link-position-44\" style=\"font-size: 8pt;\" aria-label=\"viewport (1 item)\">viewport<\/a>\n<a href=\"https:\/\/fariart.com.br\/blog\/tag\/youtube\/\" class=\"tag-cloud-link tag-link-111 tag-link-position-45\" style=\"font-size: 10.709677419355pt;\" aria-label=\"youtube (2 itens)\">youtube<\/a><\/p>\n\n\n<h2 class=\"wp-block-heading\">\u00daltimos posts<\/h2>\n\n\n<ul class=\"wp-block-latest-posts__list wp-block-latest-posts\"><li><a class=\"wp-block-latest-posts__post-title\" href=\"https:\/\/fariart.com.br\/blog\/all-in-one-wp-migration-trava-no-100\/\">All in One WP Migration trava no 100%<\/a><\/li>\n<li><a class=\"wp-block-latest-posts__post-title\" href=\"https:\/\/fariart.com.br\/blog\/como-ganhar-dinheiro-rapido-na-internet\/\">Como ganhar dinheiro r\u00e1pido na internet?<\/a><\/li>\n<li><a class=\"wp-block-latest-posts__post-title\" href=\"https:\/\/fariart.com.br\/blog\/o-que-e-esse-marketing-digital-que-todo-mundo-fala\/\">O que \u00e9 esse Marketing Digital que todo mundo fala?<\/a><\/li>\n<li><a class=\"wp-block-latest-posts__post-title\" href=\"https:\/\/fariart.com.br\/blog\/por-que-mudaram-o-logo-da-fanta\/\">Por que mudaram o logo da Fanta?<\/a><\/li>\n<li><a class=\"wp-block-latest-posts__post-title\" href=\"https:\/\/fariart.com.br\/blog\/o-novo-logo-da-pepsi-e-melhor-que-o-anterior\/\">O novo logo da Pepsi \u00e9 melhor que o anterior?<\/a><\/li>\n<\/ul><\/div>\n\n\n\n<div class=\"wp-block-column is-layout-flow wp-block-column-is-layout-flow\">\n<h2 class=\"wp-block-heading\">Categorias<\/h2>\n\n\n<ul class=\"wp-block-categories-list wp-block-categories\">\t<li class=\"cat-item cat-item-32\"><a href=\"https:\/\/fariart.com.br\/blog\/category\/android\/\">android<\/a>\n<\/li>\n\t<li class=\"cat-item cat-item-148\"><a href=\"https:\/\/fariart.com.br\/blog\/category\/audiovisual\/\">Audiovisual<\/a>\n<\/li>\n\t<li class=\"cat-item cat-item-108\"><a href=\"https:\/\/fariart.com.br\/blog\/category\/bug\/\">bug<\/a>\n<\/li>\n\t<li class=\"cat-item cat-item-149\"><a href=\"https:\/\/fariart.com.br\/blog\/category\/carreiras\/\">Carreiras<\/a>\n<\/li>\n\t<li class=\"cat-item cat-item-20\"><a href=\"https:\/\/fariart.com.br\/blog\/category\/desenvolvimento-web\/css-desenvolvimento-web\/\">css<\/a>\n<\/li>\n\t<li class=\"cat-item cat-item-131\"><a href=\"https:\/\/fariart.com.br\/blog\/category\/curiosidades\/\">curiosidades<\/a>\n<\/li>\n\t<li class=\"cat-item cat-item-151\"><a href=\"https:\/\/fariart.com.br\/blog\/category\/desenvolvimento-pessoal\/\">Desenvolvimento Pessoal<\/a>\n<\/li>\n\t<li class=\"cat-item cat-item-18\"><a href=\"https:\/\/fariart.com.br\/blog\/category\/desenvolvimento-web\/\">desenvolvimento web<\/a>\n<\/li>\n\t<li class=\"cat-item cat-item-44\"><a href=\"https:\/\/fariart.com.br\/blog\/category\/design\/\">Design<\/a>\n<\/li>\n\t<li class=\"cat-item cat-item-48\"><a href=\"https:\/\/fariart.com.br\/blog\/category\/dicas\/\">dicas<\/a>\n<\/li>\n\t<li class=\"cat-item cat-item-8\"><a href=\"https:\/\/fariart.com.br\/blog\/category\/internet\/dominio\/\">dom\u00ednio<\/a>\n<\/li>\n\t<li class=\"cat-item cat-item-154\"><a href=\"https:\/\/fariart.com.br\/blog\/category\/financas\/\">Finan\u00e7as<\/a>\n<\/li>\n\t<li class=\"cat-item cat-item-95\"><a href=\"https:\/\/fariart.com.br\/blog\/category\/design\/fontes\/\">fontes<\/a>\n<\/li>\n\t<li class=\"cat-item cat-item-6\"><a href=\"https:\/\/fariart.com.br\/blog\/category\/internet\/hospedagem\/\">hospedagem<\/a>\n<\/li>\n\t<li class=\"cat-item cat-item-19\"><a href=\"https:\/\/fariart.com.br\/blog\/category\/desenvolvimento-web\/html-desenvolvimento-web\/\">html<\/a>\n<\/li>\n\t<li class=\"cat-item cat-item-137\"><a href=\"https:\/\/fariart.com.br\/blog\/category\/design\/identidade-visual\/\">identidade visual<\/a>\n<\/li>\n\t<li class=\"cat-item cat-item-155\"><a href=\"https:\/\/fariart.com.br\/blog\/category\/idiomas\/\">Idiomas<\/a>\n<\/li>\n\t<li class=\"cat-item cat-item-104\"><a href=\"https:\/\/fariart.com.br\/blog\/category\/instagram\/\">instagram<\/a>\n<\/li>\n\t<li class=\"cat-item cat-item-5\"><a href=\"https:\/\/fariart.com.br\/blog\/category\/internet\/\">internet<\/a>\n<\/li>\n\t<li class=\"cat-item cat-item-45\"><a href=\"https:\/\/fariart.com.br\/blog\/category\/design\/logotipo\/\">logotipo<\/a>\n<\/li>\n\t<li class=\"cat-item cat-item-46\"><a href=\"https:\/\/fariart.com.br\/blog\/category\/design\/marca\/\">marca<\/a>\n<\/li>\n\t<li class=\"cat-item cat-item-156\"><a href=\"https:\/\/fariart.com.br\/blog\/category\/marketing-digital\/\">Marketing Digital<\/a>\n<\/li>\n\t<li class=\"cat-item cat-item-31\"><a href=\"https:\/\/fariart.com.br\/blog\/category\/mobile\/\">mobile<\/a>\n<\/li>\n\t<li class=\"cat-item cat-item-158\"><a href=\"https:\/\/fariart.com.br\/blog\/category\/motivacao\/\">Motiva\u00e7\u00e3o<\/a>\n<\/li>\n\t<li class=\"cat-item cat-item-160\"><a href=\"https:\/\/fariart.com.br\/blog\/category\/programacao\/\">Programa\u00e7\u00e3o<\/a>\n<\/li>\n\t<li class=\"cat-item cat-item-26\"><a href=\"https:\/\/fariart.com.br\/blog\/category\/desenvolvimento-web\/responsivo\/\">responsivo<\/a>\n<\/li>\n\t<li class=\"cat-item cat-item-7\"><a href=\"https:\/\/fariart.com.br\/blog\/category\/internet\/sites\/\">sites<\/a>\n<\/li>\n\t<li class=\"cat-item cat-item-52\"><a href=\"https:\/\/fariart.com.br\/blog\/category\/desenvolvimento-web\/svg\/\">svg<\/a>\n<\/li>\n\t<li class=\"cat-item cat-item-47\"><a href=\"https:\/\/fariart.com.br\/blog\/category\/tutoriais\/\">tutoriais<\/a>\n<\/li>\n\t<li class=\"cat-item cat-item-9\"><a href=\"https:\/\/fariart.com.br\/blog\/category\/internet\/sites\/tutorial\/\">tutorial<\/a>\n<\/li>\n\t<li class=\"cat-item cat-item-162\"><a href=\"https:\/\/fariart.com.br\/blog\/category\/vestibular\/\">Vestibular<\/a>\n<\/li>\n\t<li class=\"cat-item cat-item-53\"><a href=\"https:\/\/fariart.com.br\/blog\/category\/design\/vetor\/\">vetor<\/a>\n<\/li>\n\t<li class=\"cat-item cat-item-163\"><a href=\"https:\/\/fariart.com.br\/blog\/category\/videos\/\">V\u00eddeos<\/a>\n<\/li>\n\t<li class=\"cat-item cat-item-22\"><a href=\"https:\/\/fariart.com.br\/blog\/category\/desenvolvimento-web\/wordpress\/\">wordpress<\/a>\n<\/li>\n<\/ul><\/div>\n<\/div>\n<\/div><\/div>\n\n\n\n<h2 class=\"wp-block-heading\">Posts populares<\/h2>\n\n\n\n<div class=\"wp-block-group\"><div class=\"wp-block-group__inner-container is-layout-flow wp-block-group-is-layout-flow\">\n<div class=\"wp-block-columns is-layout-flex wp-container-core-columns-is-layout-9d6595d7 wp-block-columns-is-layout-flex\">\n<div class=\"wp-block-column is-layout-flow wp-block-column-is-layout-flow\"><div class=\"monsterinsights-widget-popular-posts monsterinsights-widget-popular-posts-alpha monsterinsights-popular-posts-styled monsterinsights-widget-popular-posts-columns-1\"><ul class=\"monsterinsights-widget-popular-posts-list\"><li ><a href=\"https:\/\/fariart.com.br\/blog\/logotipo-e-importante-no-comeco\/\"><div class=\"monsterinsights-widget-popular-posts-text\"><span class=\"monsterinsights-widget-popular-posts-title\" >Logotipo \u00e9 importante no come\u00e7o?<\/span><\/div><\/a><\/li><li ><a href=\"https:\/\/fariart.com.br\/blog\/desenhos-adultos-para-aprender-ingles-na-netflix\/\"><div class=\"monsterinsights-widget-popular-posts-text\"><span class=\"monsterinsights-widget-popular-posts-title\" >Desenhos adultos para aprender ingl\u00eas na Netflix<\/span><\/div><\/a><\/li><li ><a href=\"https:\/\/fariart.com.br\/blog\/voce-sabe-a-diferenca-entre-logotipo-e-marca\/\"><div class=\"monsterinsights-widget-popular-posts-text\"><span class=\"monsterinsights-widget-popular-posts-title\" >Voc\u00ea sabe a diferen\u00e7a entre logotipo e marca?<\/span><\/div><\/a><\/li><li ><a href=\"https:\/\/fariart.com.br\/blog\/como-ganhar-dinheiro-rapido-na-internet\/\"><div class=\"monsterinsights-widget-popular-posts-text\"><span class=\"monsterinsights-widget-popular-posts-title\" >Como ganhar dinheiro r\u00e1pido na internet?<\/span><\/div><\/a><\/li><\/ul><\/div><p><\/p><\/div>\n<\/div>\n<\/div><\/div>\n","protected":false},"excerpt":{"rendered":"<p>Escolha abaixo uma tag ou categoria do seu interesse. Voc\u00ea tamb\u00e9m pode digitar na busca o que voc\u00ea est\u00e1 procurando. Tags \u00daltimos posts Categorias Posts populares<\/p>\n","protected":false},"author":1,"featured_media":517,"parent":0,"menu_order":0,"comment_status":"closed","ping_status":"closed","template":"","meta":{"_monsterinsights_skip_tracking":false,"_monsterinsights_sitenote_active":false,"_monsterinsights_sitenote_note":"","_monsterinsights_sitenote_category":0,"footnotes":""},"class_list":["post-154","page","type-page","status-publish","has-post-thumbnail","hentry"],"aioseo_notices":[],"_links":{"self":[{"href":"https:\/\/fariart.com.br\/blog\/wp-json\/wp\/v2\/pages\/154","targetHints":{"allow":["GET"]}}],"collection":[{"href":"https:\/\/fariart.com.br\/blog\/wp-json\/wp\/v2\/pages"}],"about":[{"href":"https:\/\/fariart.com.br\/blog\/wp-json\/wp\/v2\/types\/page"}],"author":[{"embeddable":true,"href":"https:\/\/fariart.com.br\/blog\/wp-json\/wp\/v2\/users\/1"}],"replies":[{"embeddable":true,"href":"https:\/\/fariart.com.br\/blog\/wp-json\/wp\/v2\/comments?post=154"}],"version-history":[{"count":3,"href":"https:\/\/fariart.com.br\/blog\/wp-json\/wp\/v2\/pages\/154\/revisions"}],"predecessor-version":[{"id":1070,"href":"https:\/\/fariart.com.br\/blog\/wp-json\/wp\/v2\/pages\/154\/revisions\/1070"}],"wp:featuredmedia":[{"embeddable":true,"href":"https:\/\/fariart.com.br\/blog\/wp-json\/wp\/v2\/media\/517"}],"wp:attachment":[{"href":"https:\/\/fariart.com.br\/blog\/wp-json\/wp\/v2\/media?parent=154"}],"curies":[{"name":"wp","href":"https:\/\/api.w.org\/{rel}","templated":true}]}}